{"id":1537,"date":"2018-05-29T15:02:40","date_gmt":"2018-05-29T15:02:40","guid":{"rendered":"http:\/\/www.togobau.com\/?page_id=1537"},"modified":"2020-06-25T00:03:52","modified_gmt":"2020-06-25T00:03:52","slug":"impressum","status":"publish","type":"page","link":"https:\/\/www.togobau.com\/de\/impressum\/","title":{"rendered":"Impressum"},"content":{"rendered":"<div class=\"entry-content\">\n<p><strong>Impressum<\/strong><\/p>\n<p><strong>Gesetzliche Anbieterkennung:<\/strong><\/p>\n<p>TogoBau<br \/>\ndiese vertreten durch den Gesch\u00e4ftsf\u00fchrer Torsten Gonschorek<br \/>\nC\/ Turmalina 4, 3D<br \/>\n29630 Arroyo de la Miel<br \/>\nSpanien<br \/>\n<strong>Telefon: +34 607 828 346<\/strong><b><br \/>\n<strong>E-Mail: info@togobau.com<\/strong><br \/>\n<strong>USt-IdNr.: <\/strong>ESX2837452B<br \/>\n<\/b><br \/>\nDie Europ\u00e4ische Kommission stellt eine Plattform f\u00fcr die au\u00dfergerichtliche Online-Streitbeilegung (OS-Plattform) bereit, aufrufbar unter <a href=\"http:\/\/ec.europa.eu\/odr\" target=\"_blank\" rel=\"noopener noreferrer\">https:\/\/ec.europa.eu\/odr<\/a>.<\/p>\n<\/div>\n","protected":false},"excerpt":{"rendered":"<p>Impressum Gesetzliche Anbieterkennung: TogoBau diese vertreten durch den Gesch\u00e4ftsf\u00fchrer Torsten Gonschorek C\/ Turmalina 4, 3D 29630 Arroyo de la Miel Spanien Telefon: +34 607 828 346 E-Mail: info@togobau.com USt-IdNr.: ESX2837452B Die Europ\u00e4ische Kommission stellt eine Plattform f\u00fcr die au\u00dfergerichtliche Online-Streitbeilegung (OS-Plattform) bereit, aufrufbar unter https:\/\/ec.europa.eu\/odr.<\/p>\n","protected":false},"author":1,"featured_media":0,"parent":0,"menu_order":0,"comment_status":"closed","ping_status":"closed","template":"","meta":[],"_links":{"self":[{"href":"https:\/\/www.togobau.com\/de\/wp-json\/wp\/v2\/pages\/1537"}],"collection":[{"href":"https:\/\/www.togobau.com\/de\/wp-json\/wp\/v2\/pages"}],"about":[{"href":"https:\/\/www.togobau.com\/de\/wp-json\/wp\/v2\/types\/page"}],"author":[{"embeddable":true,"href":"https:\/\/www.togobau.com\/de\/wp-json\/wp\/v2\/users\/1"}],"replies":[{"embeddable":true,"href":"https:\/\/www.togobau.com\/de\/wp-json\/wp\/v2\/comments?post=1537"}],"version-history":[{"count":2,"href":"https:\/\/www.togobau.com\/de\/wp-json\/wp\/v2\/pages\/1537\/revisions"}],"predecessor-version":[{"id":2563,"href":"https:\/\/www.togobau.com\/de\/wp-json\/wp\/v2\/pages\/1537\/revisions\/2563"}],"wp:attachment":[{"href":"https:\/\/www.togobau.com\/de\/wp-json\/wp\/v2\/media?parent=1537"}],"curies":[{"name":"wp","href":"https:\/\/api.w.org\/{rel}","templated":true}]}}