{"id":853,"date":"2011-06-22T14:16:52","date_gmt":"2011-06-22T14:16:52","guid":{"rendered":"http:\/\/togobau.com\/home-2\/"},"modified":"2020-06-25T02:06:11","modified_gmt":"2020-06-25T02:06:11","slug":"home-2-2","status":"publish","type":"page","link":"https:\/\/www.togobau.com\/de\/","title":{"rendered":"Home"},"content":{"rendered":"<p>[vc_row][vc_column][vc_column_text]<div id=\"metaslider-id-2626\" style=\"width: 100%;\" class=\"ml-slider-3-28-2 metaslider metaslider-flex metaslider-2626 ml-slider\">\n    <div id=\"metaslider_container_2626\">\n        <div id=\"metaslider_2626\">\n            <ul aria-live=\"polite\" class=\"slides\">\n                <li style=\"display: block; width: 100%;\" class=\"slide-2627 ms-image\"><img src=\"https:\/\/www.togobau.com\/wp-content\/uploads\/2017\/03\/6-700x300.png\" height=\"300\" width=\"700\" alt=\"\" class=\"slider-2626 slide-2627\" title=\"6\" \/><\/li>\n                <li style=\"display: none; width: 100%;\" class=\"slide-2635 ms-image\"><img src=\"https:\/\/www.togobau.com\/wp-content\/uploads\/2017\/03\/6-700x300.png\" height=\"300\" width=\"700\" alt=\"\" class=\"slider-2626 slide-2635\" title=\"6\" \/><\/li>\n                <li style=\"display: none; width: 100%;\" class=\"slide-2628 ms-image\"><img src=\"https:\/\/www.togobau.com\/wp-content\/uploads\/2017\/03\/5-700x300.png\" height=\"300\" width=\"700\" alt=\"\" class=\"slider-2626 slide-2628\" title=\"5\" \/><\/li>\n                <li style=\"display: none; width: 100%;\" class=\"slide-2636 ms-image\"><img src=\"https:\/\/www.togobau.com\/wp-content\/uploads\/2017\/03\/5-700x300.png\" height=\"300\" width=\"700\" alt=\"\" class=\"slider-2626 slide-2636\" title=\"5\" \/><\/li>\n                <li style=\"display: none; width: 100%;\" class=\"slide-2629 ms-image\"><img src=\"https:\/\/www.togobau.com\/wp-content\/uploads\/2017\/03\/4-700x300.png\" height=\"300\" width=\"700\" alt=\"\" class=\"slider-2626 slide-2629\" title=\"4\" \/><\/li>\n                <li style=\"display: none; width: 100%;\" class=\"slide-2637 ms-image\"><img src=\"https:\/\/www.togobau.com\/wp-content\/uploads\/2017\/03\/4-700x300.png\" height=\"300\" width=\"700\" alt=\"\" class=\"slider-2626 slide-2637\" title=\"4\" \/><\/li>\n                <li style=\"display: none; width: 100%;\" class=\"slide-2630 ms-image\"><img src=\"https:\/\/www.togobau.com\/wp-content\/uploads\/2017\/03\/3-700x300.png\" height=\"300\" width=\"700\" alt=\"\" class=\"slider-2626 slide-2630\" title=\"3\" \/><\/li>\n                <li style=\"display: none; width: 100%;\" class=\"slide-2638 ms-image\"><img src=\"https:\/\/www.togobau.com\/wp-content\/uploads\/2017\/03\/3-700x300.png\" height=\"300\" width=\"700\" alt=\"\" class=\"slider-2626 slide-2638\" title=\"3\" \/><\/li>\n                <li style=\"display: none; width: 100%;\" class=\"slide-2631 ms-image\"><img src=\"https:\/\/www.togobau.com\/wp-content\/uploads\/2017\/03\/2-700x300.png\" height=\"300\" width=\"700\" alt=\"\" class=\"slider-2626 slide-2631\" title=\"2\" \/><\/li>\n                <li style=\"display: none; width: 100%;\" class=\"slide-2639 ms-image\"><img src=\"https:\/\/www.togobau.com\/wp-content\/uploads\/2017\/03\/2-700x300.png\" height=\"300\" width=\"700\" alt=\"\" class=\"slider-2626 slide-2639\" title=\"2\" \/><\/li>\n                <li style=\"display: none; width: 100%;\" class=\"slide-2632 ms-image\"><img src=\"https:\/\/www.togobau.com\/wp-content\/uploads\/2017\/03\/1-700x300.png\" height=\"300\" width=\"700\" alt=\"\" class=\"slider-2626 slide-2632\" title=\"1\" \/><\/li>\n                <li style=\"display: none; width: 100%;\" class=\"slide-2640 ms-image\"><img src=\"https:\/\/www.togobau.com\/wp-content\/uploads\/2017\/03\/1-700x300.png\" height=\"300\" width=\"700\" alt=\"\" class=\"slider-2626 slide-2640\" title=\"1\" \/><\/li>\n            <\/ul>\n        <\/div>\n        \n    <\/div>\n<\/div>[\/vc_column_text][vc_separator][\/vc_column][\/vc_row][vc_row][vc_column width=&#8220;1\/3&#8243;][vc_column_text]<\/p>\n<h2><a href=\"https:\/\/www.togobau.com\/de\/dienstleistungen\/\"><img decoding=\"async\" loading=\"lazy\" class=\"alignleft wp-image-1460 size-full\" src=\"https:\/\/www.togobau.com\/wp-content\/uploads\/2011\/06\/MapsAlt.png\" alt=\"\" width=\"59\" height=\"60\" \/><\/a><br \/>\nLeistungsprofil<\/h2>\n<p>Erdarbeiten, Beton- und Stahlbetonarbeiten, Maurerarbeiten, Innen- und Au\u00dfenputz-arbeiten, Vollw\u00e4rmeschutz, Estricharbeiten, Trockenbauarbeiten, Fliesenlegerarbeiten, Abbrucharbeiten, Au\u00dfenanlagen, wie Wege\/Pl\u00e4tze (Pflasterarbeiten), Sanierung und Rekonstruktion von Altbauten[\/vc_column_text][\/vc_column][vc_column width=&#8220;1\/3&#8243;][vc_column_text]<\/p>\n<h2><a href=\"https:\/\/www.togobau.com\/de\/ueber-uns\/\"><img decoding=\"async\" loading=\"lazy\" class=\"alignleft wp-image-1463 size-full\" src=\"https:\/\/www.togobau.com\/wp-content\/uploads\/2011\/06\/Sketches.png\" alt=\"\" width=\"59\" height=\"60\" \/><\/a><br \/>\nIhre Vorteile<\/h2>\n<p>Qualifizierter Fachbetrieb, langj\u00e4hrige Erfahrung, genaue, kompetente Arbeit, detaillierter Kostenvoranschlag&#8230;[\/vc_column_text][\/vc_column][vc_column width=&#8220;1\/3&#8243;][vc_column_text]<\/p>\n<h2><a href=\"https:\/\/www.togobau.com\/de\/kontakt\/\"><img decoding=\"async\" loading=\"lazy\" class=\"alignleft wp-image-1464 size-full\" src=\"https:\/\/www.togobau.com\/wp-content\/uploads\/2011\/06\/ContactsALT.png\" alt=\"\" width=\"59\" height=\"60\" \/><\/a><br \/>\nKontakt<\/h2>\n<p>Wenn Sie irgendeine Arbeit haben die Sie kompetent und fachgerecht ausgef\u00fchrt wissen m\u00f6chten, dann kontaktieren Sie uns bitte \u00fcber unser Kontaktformular, oder rufen Sie uns einfach an unter (0034) 607 828 346[\/vc_column_text][\/vc_column][\/vc_row][vc_row][vc_column][vc_separator][\/vc_column][vc_column][vc_column_text]<\/p>\n<h1 style=\"text-align: center;\">Einige unserer Dienstleistungen:<\/h1>\n<p>[\/vc_column_text][\/vc_column][\/vc_row][vc_row][vc_column width=&#8220;1\/3&#8243;][vc_single_image image=&#8220;1445&#8243; img_size=&#8220;300&#215;125&#8243; alignment=&#8220;center&#8220;][vc_column_text]<\/p>\n<h2>Trockenbau<\/h2>\n<p>Wohnen mit Trockenbausystemen bedeutet Flexibilit\u00e4t und Funktionalit\u00e4t in der Raumgestaltung. Sie k\u00f6nnen ihren Wohnraum ohne komplizierte Bautechnik nach ihren Bed\u00fcrfnissen gestalten und an sp\u00e4tere Nutzungs\u00e4nderungen und Anforderungen wiederum anpassen .[\/vc_column_text][\/vc_column][vc_column width=&#8220;1\/3&#8243;][vc_single_image image=&#8220;1444&#8243; img_size=&#8220;300&#215;125&#8243; alignment=&#8220;center&#8220;][vc_column_text]<\/p>\n<h2>Badgestaltung<\/h2>\n<p>Wir schaffen Badwelten, die ganz nach Ihrem pers\u00f6nlichen Einrichtungsstil gestaltet werden; ganz gleich ob klassisch, modern, oder auch puristischer Stil, wir helfen Ihnen bei der Erf\u00fcllung ihrer W\u00fcnsche.[\/vc_column_text][\/vc_column][vc_column width=&#8220;1\/3&#8243;][vc_single_image image=&#8220;1446&#8243; img_size=&#8220;300&#215;125&#8243; alignment=&#8220;center&#8220;][vc_column_text]<\/p>\n<h2>Fliesen<\/h2>\n<p>Haben sie Lust auf Ver\u00e4nderung ? Ihr Bad, K\u00fcche, Fussboden oder Terrasse bed\u00fcrfen einer Modernisierung, Sanierung oder Erneuerung ? Um diese Arbeiten gekonnt auszuf\u00fchren stehen wir Ihnen als Fliesenfachmann &#8211; der diesen besonderen Anforderungen in allen Bereichen gewachsen ist \u2013 zur Seite. Wir beraten sie gerne.[\/vc_column_text][\/vc_column][\/vc_row]<\/p>\n","protected":false},"excerpt":{"rendered":"<p>[vc_row][vc_column][vc_column_text][\/vc_column_text][vc_separator][\/vc_column][\/vc_row][vc_row][vc_column width=&#8220;1\/3&#8243;][vc_column_text] Leistungsprofil Erdarbeiten, Beton- und Stahlbetonarbeiten, Maurerarbeiten, Innen- und Au\u00dfenputz-arbeiten, Vollw\u00e4rmeschutz, Estricharbeiten, Trockenbauarbeiten, Fliesenlegerarbeiten, Abbrucharbeiten, Au\u00dfenanlagen, wie Wege\/Pl\u00e4tze (Pflasterarbeiten), Sanierung und Rekonstruktion von Altbauten[\/vc_column_text][\/vc_column][vc_column width=&#8220;1\/3&#8243;][vc_column_text] Ihre Vorteile Qualifizierter Fachbetrieb, langj\u00e4hrige Erfahrung, genaue, kompetente Arbeit, detaillierter Kostenvoranschlag&#8230;[\/vc_column_text][\/vc_column][vc_column width=&#8220;1\/3&#8243;][vc_column_text] Kontakt Wenn Sie irgendeine Arbeit haben die Sie kompetent und fachgerecht ausgef\u00fchrt&hellip;<\/p>\n","protected":false},"author":1,"featured_media":0,"parent":0,"menu_order":0,"comment_status":"closed","ping_status":"closed","template":"","meta":[],"_links":{"self":[{"href":"https:\/\/www.togobau.com\/de\/wp-json\/wp\/v2\/pages\/853"}],"collection":[{"href":"https:\/\/www.togobau.com\/de\/wp-json\/wp\/v2\/pages"}],"about":[{"href":"https:\/\/www.togobau.com\/de\/wp-json\/wp\/v2\/types\/page"}],"author":[{"embeddable":true,"href":"https:\/\/www.togobau.com\/de\/wp-json\/wp\/v2\/users\/1"}],"replies":[{"embeddable":true,"href":"https:\/\/www.togobau.com\/de\/wp-json\/wp\/v2\/comments?post=853"}],"version-history":[{"count":23,"href":"https:\/\/www.togobau.com\/de\/wp-json\/wp\/v2\/pages\/853\/revisions"}],"predecessor-version":[{"id":2634,"href":"https:\/\/www.togobau.com\/de\/wp-json\/wp\/v2\/pages\/853\/revisions\/2634"}],"wp:attachment":[{"href":"https:\/\/www.togobau.com\/de\/wp-json\/wp\/v2\/media?parent=853"}],"curies":[{"name":"wp","href":"https:\/\/api.w.org\/{rel}","templated":true}]}}