{"id":874,"date":"2011-06-22T07:28:09","date_gmt":"2011-06-22T07:28:09","guid":{"rendered":"http:\/\/togobau.com\/about-us-2\/"},"modified":"2020-06-25T02:39:49","modified_gmt":"2020-06-25T02:39:49","slug":"ueber-uns","status":"publish","type":"page","link":"https:\/\/www.togobau.com\/de\/ueber-uns\/","title":{"rendered":"\u00dcber uns"},"content":{"rendered":"<p>[vc_row][vc_column][vc_column_text]<\/p>\n<p style=\"text-align: center;\">Ihr Spezialist f\u00fcr Renovierungs- und Bauarbeiten an der Costa del Sol.<br \/>\nSollte ihr Zuhause mal wieder dringend eine Auffrischung ben\u00f6tigen, dann wenden Sie sich an uns! Wir \u00fcbernehmen f\u00fcr Sie gerne Renovierungen aller Art, vom Keller bis zum Dachgeschoss. Wir stehen f\u00fcr kreatives Arbeiten, handwerklich perfekte Umsetzung und \u00f6kologisches Denken. Dies zeichnet uns mit 15-j\u00e4hriger Erfahrung \u2013 und stets zufriedenen Kunden &#8211; aus.<\/p>\n<p>&nbsp;<\/p>\n<h2 style=\"text-align: center;\"><span style=\"color: #ff6600;\">Wer sind wir?<\/span><\/h2>\n<p>Togobau ist ein Unternehmen, das zuh\u00f6rt. Wir sind eine angesehene Renovierungs &amp; Baufirma an der Costa del Sol seit mehr als einen Jahrzehnt, unser hohes Serviceniveau bieten wir sowohl gewerblichen als auch private Kunden.<\/p>\n<p>&nbsp;<\/p>\n<h2 style=\"text-align: center;\"><span style=\"color: #ff6600;\">Unser Team<\/span><\/h2>\n<p>[\/vc_column_text][\/vc_column][\/vc_row][vc_row][vc_column width=&#8220;1\/2&#8243;][vc_column_text]<\/p>\n<h3><img decoding=\"async\" loading=\"lazy\" class=\"alignleft wp-image-1209 size-full\" src=\"http:\/\/www.togobau.com\/wp-content\/uploads\/2011\/06\/torsten_gonschorek.png\" alt=\"\" width=\"150\" height=\"200\" \/>Torsten Gonschorek<\/h3>\n<h4>Maurermeister<\/h4>\n<p>[\/vc_column_text][\/vc_column][vc_column width=&#8220;1\/2&#8243;][vc_column_text]<\/p>\n<h3><img decoding=\"async\" loading=\"lazy\" class=\"alignleft wp-image-1207 size-full\" src=\"http:\/\/www.togobau.com\/wp-content\/uploads\/2011\/06\/andreas.png\" alt=\"\" width=\"150\" height=\"200\" \/>Andreas<\/h3>\n<h4>Maurer<\/h4>\n<p>[\/vc_column_text][\/vc_column][\/vc_row]<\/p>\n","protected":false},"excerpt":{"rendered":"<p>[vc_row][vc_column][vc_column_text] Ihr Spezialist f\u00fcr Renovierungs- und Bauarbeiten an der Costa del Sol. Sollte ihr Zuhause mal wieder dringend eine Auffrischung ben\u00f6tigen, dann wenden Sie sich an uns! Wir \u00fcbernehmen f\u00fcr Sie gerne Renovierungen aller Art, vom Keller bis zum Dachgeschoss. Wir stehen f\u00fcr kreatives Arbeiten, handwerklich perfekte Umsetzung und \u00f6kologisches&hellip;<\/p>\n","protected":false},"author":1,"featured_media":0,"parent":0,"menu_order":0,"comment_status":"closed","ping_status":"closed","template":"","meta":[],"_links":{"self":[{"href":"https:\/\/www.togobau.com\/de\/wp-json\/wp\/v2\/pages\/874"}],"collection":[{"href":"https:\/\/www.togobau.com\/de\/wp-json\/wp\/v2\/pages"}],"about":[{"href":"https:\/\/www.togobau.com\/de\/wp-json\/wp\/v2\/types\/page"}],"author":[{"embeddable":true,"href":"https:\/\/www.togobau.com\/de\/wp-json\/wp\/v2\/users\/1"}],"replies":[{"embeddable":true,"href":"https:\/\/www.togobau.com\/de\/wp-json\/wp\/v2\/comments?post=874"}],"version-history":[{"count":54,"href":"https:\/\/www.togobau.com\/de\/wp-json\/wp\/v2\/pages\/874\/revisions"}],"predecessor-version":[{"id":2669,"href":"https:\/\/www.togobau.com\/de\/wp-json\/wp\/v2\/pages\/874\/revisions\/2669"}],"wp:attachment":[{"href":"https:\/\/www.togobau.com\/de\/wp-json\/wp\/v2\/media?parent=874"}],"curies":[{"name":"wp","href":"https:\/\/api.w.org\/{rel}","templated":true}]}}