{"id":1540,"date":"2018-05-29T15:09:06","date_gmt":"2018-05-29T15:09:06","guid":{"rendered":"http:\/\/www.togobau.com\/impronta\/"},"modified":"2020-06-25T00:06:23","modified_gmt":"2020-06-25T00:06:23","slug":"impronta","status":"publish","type":"page","link":"https:\/\/www.togobau.com\/es\/impronta\/","title":{"rendered":"Impronta"},"content":{"rendered":"<div class=\"entry-content\">\n<p><strong>Impronta<\/strong><\/p>\n<p><strong>Direcci\u00f3n legal:<\/strong><\/p>\n<p>TogoBau<br \/>\nque est\u00e1 representado por el Director Gerente Torsten Gonschorek<br \/>\nC\/ Turmalina 4, 3D<br \/>\n29630 Arroyo de la Miel<br \/>\nEspana<br \/>\n<strong>Tel\u00e9fono: +<\/strong><strong>+34 607 828 346<br \/>\nE-Mail: <b>info@togobau.com<\/b><br \/>\nIVA No: <b>ESX2837452B<\/b><br \/>\n<\/strong><br \/>\nLa Comisi\u00f3n Europea proporciona una plataforma para la resoluci\u00f3n de conflictos en l\u00ednea adicional (plataforma RLL) listo , ejecutables de acuerdo con<a href=\"http:\/\/ec.europa.eu\/odr\"> https:\/\/ec.europa.eu\/odr<\/a> .<\/p>\n<\/div>\n","protected":false},"excerpt":{"rendered":"<p>Impronta Direcci\u00f3n legal: TogoBau que est\u00e1 representado por el Director Gerente Torsten Gonschorek C\/ Turmalina 4, 3D 29630 Arroyo de la Miel Espana Tel\u00e9fono: ++34 607 828 346 E-Mail: info@togobau.com IVA No: ESX2837452B La Comisi\u00f3n Europea proporciona una plataforma para la resoluci\u00f3n de conflictos en l\u00ednea adicional (plataforma RLL) listo&hellip;<\/p>\n","protected":false},"author":1,"featured_media":0,"parent":0,"menu_order":0,"comment_status":"closed","ping_status":"closed","template":"","meta":[],"_links":{"self":[{"href":"https:\/\/www.togobau.com\/es\/wp-json\/wp\/v2\/pages\/1540"}],"collection":[{"href":"https:\/\/www.togobau.com\/es\/wp-json\/wp\/v2\/pages"}],"about":[{"href":"https:\/\/www.togobau.com\/es\/wp-json\/wp\/v2\/types\/page"}],"author":[{"embeddable":true,"href":"https:\/\/www.togobau.com\/es\/wp-json\/wp\/v2\/users\/1"}],"replies":[{"embeddable":true,"href":"https:\/\/www.togobau.com\/es\/wp-json\/wp\/v2\/comments?post=1540"}],"version-history":[{"count":1,"href":"https:\/\/www.togobau.com\/es\/wp-json\/wp\/v2\/pages\/1540\/revisions"}],"predecessor-version":[{"id":2565,"href":"https:\/\/www.togobau.com\/es\/wp-json\/wp\/v2\/pages\/1540\/revisions\/2565"}],"wp:attachment":[{"href":"https:\/\/www.togobau.com\/es\/wp-json\/wp\/v2\/media?parent=1540"}],"curies":[{"name":"wp","href":"https:\/\/api.w.org\/{rel}","templated":true}]}}