{"id":854,"date":"2011-06-22T14:16:52","date_gmt":"2011-06-22T14:16:52","guid":{"rendered":"http:\/\/togobau.com\/home-2\/"},"modified":"2020-06-25T02:13:42","modified_gmt":"2020-06-25T02:13:42","slug":"home-2-3","status":"publish","type":"page","link":"https:\/\/www.togobau.com\/es\/","title":{"rendered":""},"content":{"rendered":"<p>[vc_row][vc_column][vc_column_text]<\/p>\n<p style=\"text-align: left;\"><div id=\"metaslider-id-2657\" style=\"width: 100%;\" class=\"ml-slider-3-28-2 metaslider metaslider-flex metaslider-2657 ml-slider\">\n    <div id=\"metaslider_container_2657\">\n        <div id=\"metaslider_2657\">\n            <ul aria-live=\"polite\" class=\"slides\">\n                <li style=\"display: block; width: 100%;\" class=\"slide-2658 ms-image\"><img src=\"https:\/\/www.togobau.com\/wp-content\/uploads\/2017\/03\/6-700x300.png\" height=\"300\" width=\"700\" alt=\"\" class=\"slider-2657 slide-2658\" title=\"6\" \/><\/li>\n                <li style=\"display: none; width: 100%;\" class=\"slide-2659 ms-image\"><img src=\"https:\/\/www.togobau.com\/wp-content\/uploads\/2017\/03\/5-700x300.png\" height=\"300\" width=\"700\" alt=\"\" class=\"slider-2657 slide-2659\" title=\"5\" \/><\/li>\n                <li style=\"display: none; width: 100%;\" class=\"slide-2660 ms-image\"><img src=\"https:\/\/www.togobau.com\/wp-content\/uploads\/2017\/03\/4-700x300.png\" height=\"300\" width=\"700\" alt=\"\" class=\"slider-2657 slide-2660\" title=\"4\" \/><\/li>\n                <li style=\"display: none; width: 100%;\" class=\"slide-2661 ms-image\"><img src=\"https:\/\/www.togobau.com\/wp-content\/uploads\/2017\/03\/3-700x300.png\" height=\"300\" width=\"700\" alt=\"\" class=\"slider-2657 slide-2661\" title=\"3\" \/><\/li>\n                <li style=\"display: none; width: 100%;\" class=\"slide-2662 ms-image\"><img src=\"https:\/\/www.togobau.com\/wp-content\/uploads\/2017\/03\/2-700x300.png\" height=\"300\" width=\"700\" alt=\"\" class=\"slider-2657 slide-2662\" title=\"2\" \/><\/li>\n                <li style=\"display: none; width: 100%;\" class=\"slide-2663 ms-image\"><img src=\"https:\/\/www.togobau.com\/wp-content\/uploads\/2017\/03\/1-700x300.png\" height=\"300\" width=\"700\" alt=\"\" class=\"slider-2657 slide-2663\" title=\"1\" \/><\/li>\n            <\/ul>\n        <\/div>\n        \n    <\/div>\n<\/div>\n<p>[\/vc_column_text][vc_separator][\/vc_column][\/vc_row][vc_row][vc_column width=\u00bb1\/3&#8243;][vc_column_text]<\/p>\n<h2><a href=\"https:\/\/www.togobau.com\/es\/servicios\/\"><img decoding=\"async\" loading=\"lazy\" class=\"alignleft wp-image-1460 size-full\" src=\"https:\/\/www.togobau.com\/wp-content\/uploads\/2011\/06\/MapsAlt.png\" alt=\"\" width=\"59\" height=\"60\" \/><\/a>Nuestros Servicios<\/h2>\n<p>Ofrecemos una gran variedad de servicios como: la renovaci\u00f3n y construcci\u00f3n, las obras de construcci\u00f3n en seco, suelo de baldosas, m\u00e1rmol y mosaico&#8230;[\/vc_column_text][\/vc_column][vc_column width=\u00bb1\/3&#8243;][vc_column_text]<\/p>\n<h2><a href=\"https:\/\/www.togobau.com\/es\/quienes-somos\/\"><img decoding=\"async\" loading=\"lazy\" class=\"alignleft wp-image-1463 size-full\" src=\"https:\/\/www.togobau.com\/wp-content\/uploads\/2011\/06\/Sketches.png\" alt=\"\" width=\"59\" height=\"60\" \/><\/a>Nuestras Ventajas<\/h2>\n<p>Empresa especializada cualificada, experiencia durante muchos a\u00f1os, trabajo exacto y competente, presupuestos detallados&#8230;[\/vc_column_text][\/vc_column][vc_column width=\u00bb1\/3&#8243;][vc_column_text]<\/p>\n<h2><a href=\"https:\/\/www.togobau.com\/es\/contacto\/\"><img decoding=\"async\" loading=\"lazy\" class=\"alignleft wp-image-1464 size-full\" src=\"https:\/\/www.togobau.com\/wp-content\/uploads\/2011\/06\/ContactsALT.png\" alt=\"\" width=\"59\" height=\"60\" \/><\/a><br \/>\nContacto<\/h2>\n<p>Si tiene cualquier trabajo que se deben hacer s\u00f3lo en contacto con nosotros utilizando el formulario de contacto en la p\u00e1gina de contacto o ll\u00e1menos&#8230;[\/vc_column_text][\/vc_column][\/vc_row][vc_row][vc_column][vc_separator][\/vc_column][vc_column][vc_column_text]<\/p>\n<h1 style=\"text-align: center;\">Abajo se puede ver los servicios que ofrecemos:<\/h1>\n<p>[\/vc_column_text][\/vc_column][\/vc_row][vc_row][vc_column width=\u00bb1\/3&#8243;][vc_single_image image=\u00bb1445&#8243; img_size=\u00bb300&#215;125&#8243; alignment=\u00bbcenter\u00bb][vc_column_text]<\/p>\n<h2>Construcci\u00f3n en seco<\/h2>\n<p>Vivir con un sistema de construcci\u00f3n en seco significa flexibilidad y funcionalidad para la configuraci\u00f3n de los interiores. Pueden establecer su hogar tal y como quieran, sin complicaciones en la t\u00e9cnica de construcci\u00f3n. A parte no hay ning\u00fan inconveniente para cambios posteriores.[\/vc_column_text][\/vc_column][vc_column width=\u00bb1\/3&#8243;][vc_single_image image=\u00bb1444&#8243; img_size=\u00bb300&#215;125&#8243; alignment=\u00bbcenter\u00bb][vc_column_text]<\/p>\n<h2>Dise\u00f1o de ba\u00f1o<\/h2>\n<p>Convertimos en realidad sus sue\u00f1os individuales mediante nuestras t\u00e9cnicas desarrolladas ingeniosamente. Sus ideas y su creatividad suponen una inspiraci\u00f3n y a la vez un enriquecimiento positivo para nuestro equipo.[\/vc_column_text][\/vc_column][vc_column width=\u00bb1\/3&#8243;][vc_single_image image=\u00bb1446&#8243; img_size=\u00bb300&#215;125&#8243; alignment=\u00bbcenter\u00bb][vc_column_text]<\/p>\n<h2>Azulejos\/Baldosas<\/h2>\n<p>En el caso de que su ba\u00f1o, cocina, suelo o terraza requieran un cambio, estamos nosotros a su disposici\u00f3n para ayudarles y aconsejarles! No importa de qu\u00e9 se trata, sea saneamiento, modernizaci\u00f3n o renovaci\u00f3n. Nuestra empresa les ofrece la mejor calidad al mejor precio![\/vc_column_text][\/vc_column][\/vc_row]<\/p>\n","protected":false},"excerpt":{"rendered":"<p>[vc_row][vc_column][vc_column_text] [\/vc_column_text][vc_separator][\/vc_column][\/vc_row][vc_row][vc_column width=\u00bb1\/3&#8243;][vc_column_text] Nuestros Servicios Ofrecemos una gran variedad de servicios como: la renovaci\u00f3n y construcci\u00f3n, las obras de construcci\u00f3n en seco, suelo de baldosas, m\u00e1rmol y mosaico&#8230;[\/vc_column_text][\/vc_column][vc_column width=\u00bb1\/3&#8243;][vc_column_text] Nuestras Ventajas Empresa especializada cualificada, experiencia durante muchos a\u00f1os, trabajo exacto y competente, presupuestos detallados&#8230;[\/vc_column_text][\/vc_column][vc_column width=\u00bb1\/3&#8243;][vc_column_text] Contacto Si tiene cualquier trabajo&hellip;<\/p>\n","protected":false},"author":1,"featured_media":0,"parent":0,"menu_order":0,"comment_status":"closed","ping_status":"closed","template":"","meta":[],"_links":{"self":[{"href":"https:\/\/www.togobau.com\/es\/wp-json\/wp\/v2\/pages\/854"}],"collection":[{"href":"https:\/\/www.togobau.com\/es\/wp-json\/wp\/v2\/pages"}],"about":[{"href":"https:\/\/www.togobau.com\/es\/wp-json\/wp\/v2\/types\/page"}],"author":[{"embeddable":true,"href":"https:\/\/www.togobau.com\/es\/wp-json\/wp\/v2\/users\/1"}],"replies":[{"embeddable":true,"href":"https:\/\/www.togobau.com\/es\/wp-json\/wp\/v2\/comments?post=854"}],"version-history":[{"count":45,"href":"https:\/\/www.togobau.com\/es\/wp-json\/wp\/v2\/pages\/854\/revisions"}],"predecessor-version":[{"id":2664,"href":"https:\/\/www.togobau.com\/es\/wp-json\/wp\/v2\/pages\/854\/revisions\/2664"}],"wp:attachment":[{"href":"https:\/\/www.togobau.com\/es\/wp-json\/wp\/v2\/media?parent=854"}],"curies":[{"name":"wp","href":"https:\/\/api.w.org\/{rel}","templated":true}]}}