{"id":875,"date":"2011-06-22T07:28:09","date_gmt":"2011-06-22T07:28:09","guid":{"rendered":"http:\/\/togobau.com\/about-us-2\/"},"modified":"2020-06-25T02:42:33","modified_gmt":"2020-06-25T02:42:33","slug":"quienes-somos","status":"publish","type":"page","link":"https:\/\/www.togobau.com\/es\/quienes-somos\/","title":{"rendered":"\u00bfQui\u00e9nes somos?"},"content":{"rendered":"<p>[vc_row][vc_column][vc_column_text]<\/p>\n<p style=\"text-align: center;\">Su especialista en reformas y obras en la Costa de Sol.<br \/>\nEn el caso de que su hogar necesite un cambio, cont\u00e1ctenos! Nosotros nos encargaremos de las reformas de todo tipo, desde el s\u00f3tano hasta el \u00e1tico. Representamos trabajos creativos y realizaciones artesanas a la perfecci\u00f3n, en todo momento con una mente totalmente ecologista.<br \/>\nDestacamos por nuestra experiencia a lo largo de 15 a\u00f1os y una clientela plenamente satisfecha y complacida.<\/p>\n<p>&nbsp;<\/p>\n<h2 style=\"text-align: center;\"><span style=\"color: #ff6600;\">Qui\u00e9nes somos<\/span><\/h2>\n<p>Togobau es una empresa que escucha. Hemos sido una renovaci\u00f3n respetado y empresa de construcci\u00f3n en la comunidad por m\u00e1s de una d\u00e9cada y nos sentimos orgullosos de la integridad y los altos niveles de servicio que ofrecemos tanto a clientes comerciales y residenciales.<\/p>\n<p>&nbsp;<\/p>\n<h2 style=\"text-align: center;\"><span style=\"color: #ff6600;\">Nuestro Equipo<\/span><\/h2>\n<p>[\/vc_column_text][\/vc_column][\/vc_row][vc_row][vc_column width=\u00bb1\/2&#8243;][vc_column_text]<\/p>\n<h3><img decoding=\"async\" loading=\"lazy\" class=\"wp-image-1209 size-full alignleft\" src=\"http:\/\/www.togobau.com\/wp-content\/uploads\/2011\/06\/torsten_gonschorek.png\" alt=\"\" width=\"150\" height=\"200\" \/>Torsten Gonschorek<\/h3>\n<h4>Maestro alba\u00f1il<\/h4>\n<p>[\/vc_column_text][\/vc_column][vc_column width=\u00bb1\/2&#8243;][vc_column_text]<\/p>\n<h3><img decoding=\"async\" loading=\"lazy\" class=\"wp-image-1207 size-full alignleft\" src=\"http:\/\/www.togobau.com\/wp-content\/uploads\/2011\/06\/andreas.png\" alt=\"\" width=\"150\" height=\"200\" \/>Andreas<\/h3>\n<h4>Alba\u00f1il<\/h4>\n<p>[\/vc_column_text][\/vc_column][\/vc_row]<\/p>\n","protected":false},"excerpt":{"rendered":"<p>[vc_row][vc_column][vc_column_text] Su especialista en reformas y obras en la Costa de Sol. En el caso de que su hogar necesite un cambio, cont\u00e1ctenos! Nosotros nos encargaremos de las reformas de todo tipo, desde el s\u00f3tano hasta el \u00e1tico. Representamos trabajos creativos y realizaciones artesanas a la perfecci\u00f3n, en todo momento&hellip;<\/p>\n","protected":false},"author":1,"featured_media":0,"parent":0,"menu_order":0,"comment_status":"closed","ping_status":"closed","template":"","meta":[],"_links":{"self":[{"href":"https:\/\/www.togobau.com\/es\/wp-json\/wp\/v2\/pages\/875"}],"collection":[{"href":"https:\/\/www.togobau.com\/es\/wp-json\/wp\/v2\/pages"}],"about":[{"href":"https:\/\/www.togobau.com\/es\/wp-json\/wp\/v2\/types\/page"}],"author":[{"embeddable":true,"href":"https:\/\/www.togobau.com\/es\/wp-json\/wp\/v2\/users\/1"}],"replies":[{"embeddable":true,"href":"https:\/\/www.togobau.com\/es\/wp-json\/wp\/v2\/comments?post=875"}],"version-history":[{"count":38,"href":"https:\/\/www.togobau.com\/es\/wp-json\/wp\/v2\/pages\/875\/revisions"}],"predecessor-version":[{"id":2671,"href":"https:\/\/www.togobau.com\/es\/wp-json\/wp\/v2\/pages\/875\/revisions\/2671"}],"wp:attachment":[{"href":"https:\/\/www.togobau.com\/es\/wp-json\/wp\/v2\/media?parent=875"}],"curies":[{"name":"wp","href":"https:\/\/api.w.org\/{rel}","templated":true}]}}